{"id":40585,"date":"2025-12-16T23:55:56","date_gmt":"2025-12-17T04:55:56","guid":{"rendered":"\/?page_id=40585"},"modified":"2025-12-17T09:17:27","modified_gmt":"2025-12-17T14:17:27","slug":"christmas-december-17-19","status":"publish","type":"page","link":"\/es\/christmas-december-17-19\/","title":{"rendered":"CHRISTMAS | December 17 &#8211; 19"},"content":{"rendered":"<p>[et_pb_section fb_built=&#8221;1&#8243; fullwidth=&#8221;on&#8221; module_id=&#8221;back-to-top&#8221; _builder_version=&#8221;4.27.4&#8243; _module_preset=&#8221;default&#8221; background_image=&#8221;https:\/\/d1jeyrxw15fk4e.cloudfront.net\/wp-content\/uploads\/2025\/11\/Christmas-Banner-4.png&#8221; parallax=&#8221;on&#8221; locked=&#8221;off&#8221; global_colors_info=&#8221;{}&#8221;][et_pb_fullwidth_image src=&#8221;https:\/\/d1jeyrxw15fk4e.cloudfront.net\/wp-content\/uploads\/2025\/11\/12-days-of-Christmas-1.png&#8221; alt=&#8221;Los 12 d\u00edas de Navidad&#8221; title_text=&#8221;Los 12 d\u00edas de Navidad&#8221; _builder_version=&#8221;4.27.4&#8243; _module_preset=&#8221;default&#8221; background_enable_image=&#8221;off&#8221; parallax=&#8221;on&#8221; width=&#8221;25%&#8221; module_alignment=&#8221;center&#8221; locked=&#8221;off&#8221; global_colors_info=&#8221;{}&#8221;][\/et_pb_fullwidth_image][\/et_pb_section][et_pb_section fb_built=&#8221;1&#8243; admin_label=&#8221;Features&#8221; _builder_version=&#8221;4.16&#8243; custom_padding=&#8221;0px||0px|||&#8221; locked=&#8221;off&#8221; collapsed=&#8221;off&#8221; global_colors_info=&#8221;{}&#8221;][et_pb_row _builder_version=&#8221;4.27.4&#8243; _module_preset=&#8221;default&#8221; width=&#8221;40%&#8221; module_alignment=&#8221;center&#8221; min_height=&#8221;218.8px&#8221; custom_margin=&#8221;|auto|||false|false&#8221; custom_padding=&#8221;||||false|false&#8221; global_colors_info=&#8221;{}&#8221;][et_pb_column type=&#8221;4_4&#8243; _builder_version=&#8221;4.27.4&#8243; _module_preset=&#8221;default&#8221; global_colors_info=&#8221;{}&#8221;][et_pb_text _builder_version=&#8221;4.27.4&#8243; text_font=&#8221;&#8211;et_global_heading_font||||||||&#8221; header_font=&#8221;&#8211;et_global_heading_font||||||||&#8221; header_line_height=&#8221;1.2em&#8221; header_2_font=&#8221;Brice|700||on|||||&#8221; header_2_text_align=&#8221;center&#8221; header_2_font_size=&#8221;33px&#8221; header_2_letter_spacing=&#8221;4px&#8221; module_alignment=&#8221;right&#8221; custom_margin=&#8221;100px||10px||false|false&#8221; custom_padding=&#8221;|||&#8221; animation_style=&#8221;fade&#8221; locked=&#8221;off&#8221; global_colors_info=&#8221;{}&#8221;]<\/p>\n<h2>17 al 19 de Diciembre<\/h2>\n<p>[\/et_pb_text][et_pb_divider color=&#8221;gcid-primary-color&#8221; divider_weight=&#8221;2px&#8221; disabled_on=&#8221;off|off|off&#8221; _builder_version=&#8221;4.27.4&#8243; max_width=&#8221;100px&#8221; module_alignment=&#8221;center&#8221; max_height=&#8221;1090px&#8221; animation_style=&#8221;fade&#8221; custom_css_main_element=&#8221;||&#8221; locked=&#8221;off&#8221; global_colors_info=&#8221;{%22gcid-primary-color%22:%91%22color%22%93}&#8221;][\/et_pb_divider][\/et_pb_column][\/et_pb_row][\/et_pb_section][et_pb_section fb_built=&#8221;1&#8243; admin_label=&#8221;Popular Product Section&#8221; _builder_version=&#8221;4.27.4&#8243; custom_padding=&#8221;70px|0px|0px|0px||&#8221; locked=&#8221;off&#8221; collapsed=&#8221;off&#8221; global_colors_info=&#8221;{}&#8221;][et_pb_row column_structure=&#8221;1_2,1_2&#8243; _builder_version=&#8221;4.27.4&#8243; max_width=&#8221;1280px&#8221; custom_padding=&#8221;|||&#8221; use_custom_width=&#8221;on&#8221; custom_width_px=&#8221;1280px&#8221; collapsed=&#8221;off&#8221; global_colors_info=&#8221;{}&#8221;][et_pb_column type=&#8221;1_2&#8243; _builder_version=&#8221;4.16&#8243; custom_padding=&#8221;40px||40px|&#8221; global_colors_info=&#8221;{}&#8221; custom_padding__hover=&#8221;|||&#8221;][et_pb_text admin_label=&#8221;Subtitle&#8221; _builder_version=&#8221;4.27.4&#8243; text_font=&#8221;Brice|700||on|||||&#8221; text_text_color=&#8221;#c42d31&#8243; text_font_size=&#8221;50px&#8221; text_letter_spacing=&#8221;4px&#8221; animation_style=&#8221;zoom&#8221; animation_direction=&#8221;left&#8221; animation_intensity_zoom=&#8221;10%&#8221; global_colors_info=&#8221;{}&#8221;]<\/p>\n<p>01<\/p>\n<p>[\/et_pb_text][et_pb_divider color=&#8221;gcid-primary-color&#8221; divider_weight=&#8221;2px&#8221; disabled_on=&#8221;on|on|off&#8221; _builder_version=&#8221;4.27.4&#8243; max_width=&#8221;85px&#8221; custom_padding=&#8221;10px||||false|false&#8221; animation_style=&#8221;fade&#8221; locked=&#8221;off&#8221; global_colors_info=&#8221;{%22gcid-primary-color%22:%91%22color%22%93}&#8221;][\/et_pb_divider][et_pb_text admin_label=&#8221;Title&#8221; _builder_version=&#8221;4.27.4&#8243; text_font=&#8221;||||||||&#8221; header_font=&#8221;||||||||&#8221; header_2_font=&#8221;Brice|500||on|||||&#8221; header_2_font_size=&#8221;52px&#8221; header_2_letter_spacing=&#8221;4px&#8221; header_2_line_height=&#8221;1.1em&#8221; custom_margin=&#8221;||20px|&#8221; custom_padding=&#8221;|||&#8221; animation_style=&#8221;zoom&#8221; animation_direction=&#8221;left&#8221; animation_delay=&#8221;50ms&#8221; animation_intensity_zoom=&#8221;10%&#8221; header_2_font_size_tablet=&#8221;40px&#8221; header_2_font_size_phone=&#8221;&#8221; header_2_font_size_last_edited=&#8221;on|desktop&#8221; global_colors_info=&#8221;{}&#8221;]<\/p>\n<h2>\u00a1Sour Apple Rush Extreme est\u00e1 de vuelta!<\/h2>\n<p>[\/et_pb_text][et_pb_text _builder_version=&#8221;4.27.4&#8243; text_font=&#8221;&#8211;et_global_body_font||||||||&#8221; text_text_color=&#8221;#000000&#8243; text_font_size=&#8221;20px&#8221; text_line_height=&#8221;1.8em&#8221; header_font=&#8221;||||||||&#8221; custom_margin=&#8221;|||&#8221; custom_padding=&#8221;|||&#8221; animation_style=&#8221;zoom&#8221; animation_direction=&#8221;left&#8221; animation_delay=&#8221;100ms&#8221; animation_intensity_zoom=&#8221;10%&#8221; global_colors_info=&#8221;{}&#8221;]<\/p>\n<p>Sour Apple Rush Extreme ha regresado con su sabor intenso y refrescante. Disfruta del sabor crujiente que todos han estado esperando durante la \u00e9poca m\u00e1s maravillosa del a\u00f1o. <\/p>\n<p>[\/et_pb_text][et_pb_button button_url=&#8221;https:\/\/bravenlyglobal.com\/es\/bravenly-rush-extreme-sour-apple\/&#8221; button_text=&#8221;COMPRA SOUR APPLE RUSH X&#8221; button_alignment=&#8221;left&#8221; _builder_version=&#8221;4.27.4&#8243; _module_preset=&#8221;default&#8221; custom_button=&#8221;on&#8221; button_text_color=&#8221;gcid-c1e65ad5-daf3-4cb0-9503-9cae69ffb2ad&#8221; button_border_width=&#8221;3px&#8221; button_border_color=&#8221;gcid-c1e65ad5-daf3-4cb0-9503-9cae69ffb2ad&#8221; locked=&#8221;off&#8221; global_colors_info=&#8221;{%22gcid-c1e65ad5-daf3-4cb0-9503-9cae69ffb2ad%22:%91%22button_text_color%22,%22button_text_color__hover%22,%22button_border_color%22,%22button_border_color__hover%22%93}&#8221; button_text_color__hover_enabled=&#8221;on|hover&#8221; button_text_color__hover=&#8221;#c42d31&#8243; button_border_color__hover_enabled=&#8221;on|hover&#8221; button_border_color__hover=&#8221;#c42d31&#8243;][\/et_pb_button][\/et_pb_column][et_pb_column type=&#8221;1_2&#8243; _builder_version=&#8221;4.27.4&#8243; _module_preset=&#8221;default&#8221; global_colors_info=&#8221;{}&#8221;][et_pb_image src=&#8221;https:\/\/d1jeyrxw15fk4e.cloudfront.net\/wp-content\/uploads\/2025\/11\/Sour-Apple-Rush-Extreme.png&#8221; alt=&#8221;Sour Apple Rush Extreme&#8221; title_text=&#8221;Sour Apple Rush Extreme&#8221; align=&#8221;center&#8221; align_tablet=&#8221;center&#8221; align_phone=&#8221;center&#8221; align_last_edited=&#8221;on|desktop&#8221; _builder_version=&#8221;4.27.4&#8243; width=&#8221;80%&#8221; custom_margin=&#8221;|||&#8221; animation_style=&#8221;slide&#8221; animation_direction=&#8221;right&#8221; animation_intensity_slide=&#8221;4%&#8221; animation=&#8221;off&#8221; locked=&#8221;off&#8221; global_colors_info=&#8221;{}&#8221;][\/et_pb_image][\/et_pb_column][\/et_pb_row][\/et_pb_section][et_pb_section fb_built=&#8221;1&#8243; admin_label=&#8221;Popular Product Section&#8221; _builder_version=&#8221;4.27.4&#8243; custom_padding=&#8221;0px|0px|0px|0px||&#8221; collapsed=&#8221;off&#8221; global_colors_info=&#8221;{}&#8221;][et_pb_row column_structure=&#8221;1_2,1_2&#8243; _builder_version=&#8221;4.27.4&#8243; max_width=&#8221;1280px&#8221; custom_padding=&#8221;50px|||||&#8221; use_custom_width=&#8221;on&#8221; custom_width_px=&#8221;1280px&#8221; collapsed=&#8221;off&#8221; global_colors_info=&#8221;{}&#8221;][et_pb_column type=&#8221;1_2&#8243; _builder_version=&#8221;4.16&#8243; custom_padding=&#8221;|||&#8221; global_colors_info=&#8221;{}&#8221; custom_padding__hover=&#8221;|||&#8221;][et_pb_image src=&#8221;https:\/\/d1jeyrxw15fk4e.cloudfront.net\/wp-content\/uploads\/2025\/11\/Apple-Cheer-Snowman.png&#8221; alt=&#8221;Apple Cheer Snowman&#8221; title_text=&#8221;Apple Cheer Snowman&#8221; align=&#8221;center&#8221; align_tablet=&#8221;center&#8221; align_phone=&#8221;center&#8221; align_last_edited=&#8221;on|desktop&#8221; _builder_version=&#8221;4.27.4&#8243; width=&#8221;86%&#8221; custom_margin=&#8221;|||&#8221; animation_style=&#8221;slide&#8221; animation_direction=&#8221;right&#8221; animation_intensity_slide=&#8221;4%&#8221; animation=&#8221;off&#8221; global_colors_info=&#8221;{}&#8221;][\/et_pb_image][\/et_pb_column][et_pb_column type=&#8221;1_2&#8243; _builder_version=&#8221;4.16&#8243; custom_padding=&#8221;40px||40px|&#8221; global_colors_info=&#8221;{}&#8221; custom_padding__hover=&#8221;|||&#8221;][et_pb_text admin_label=&#8221;Subtitle&#8221; _builder_version=&#8221;4.27.4&#8243; text_font=&#8221;Brice|700||on|||||&#8221; text_text_color=&#8221;#c42d31&#8243; text_font_size=&#8221;50px&#8221; text_letter_spacing=&#8221;4px&#8221; animation_style=&#8221;zoom&#8221; animation_direction=&#8221;left&#8221; animation_intensity_zoom=&#8221;10%&#8221; global_colors_info=&#8221;{}&#8221;]<\/p>\n<p>02<\/p>\n<p>[\/et_pb_text][et_pb_divider color=&#8221;gcid-primary-color&#8221; divider_weight=&#8221;2px&#8221; disabled_on=&#8221;on|on|off&#8221; _builder_version=&#8221;4.27.4&#8243; max_width=&#8221;85px&#8221; custom_margin=&#8221;||||false|false&#8221; custom_padding=&#8221;10px||||false|false&#8221; animation_style=&#8221;fade&#8221; locked=&#8221;off&#8221; global_colors_info=&#8221;{%22gcid-primary-color%22:%91%22color%22%93}&#8221;][\/et_pb_divider][et_pb_text admin_label=&#8221;Title&#8221; _builder_version=&#8221;4.27.4&#8243; text_font=&#8221;||||||||&#8221; header_font=&#8221;||||||||&#8221; header_2_font=&#8221;Brice|500||on|||||&#8221; header_2_text_color=&#8221;gcid-primary-color&#8221; header_2_font_size=&#8221;52px&#8221; header_2_letter_spacing=&#8221;4px&#8221; header_2_line_height=&#8221;1.1em&#8221; custom_margin=&#8221;||20px|&#8221; custom_padding=&#8221;|||&#8221; animation_style=&#8221;zoom&#8221; animation_direction=&#8221;left&#8221; animation_delay=&#8221;50ms&#8221; animation_intensity_zoom=&#8221;10%&#8221; header_2_font_size_tablet=&#8221;40px&#8221; header_2_font_size_phone=&#8221;&#8221; header_2_font_size_last_edited=&#8221;on|desktop&#8221; global_colors_info=&#8221;{%22gcid-primary-color%22:%91%22header_2_text_color%22%93}&#8221;]<\/p>\n<h2>Paquete Apple Cheer<\/h2>\n<p>[\/et_pb_text][et_pb_text _builder_version=&#8221;4.27.4&#8243; text_font=&#8221;&#8211;et_global_body_font||||||||&#8221; text_text_color=&#8221;#000000&#8243; text_font_size=&#8221;20px&#8221; text_line_height=&#8221;1.8em&#8221; header_font=&#8221;||||||||&#8221; custom_margin=&#8221;|||&#8221; custom_padding=&#8221;|||&#8221; animation_style=&#8221;zoom&#8221; animation_direction=&#8221;left&#8221; animation_delay=&#8221;100ms&#8221; animation_intensity_zoom=&#8221;10%&#8221; global_colors_info=&#8221;{}&#8221;]<\/p>\n<p>Dale un toque festivo a tu compra de Sour Apple Rush Extreme con el Apple Cheer Bundle. Acompa\u00f1ado de dos bolsas de Revive, nuestro t\u00e9 de edici\u00f3n limitada que apoya el sistema inmunol\u00f3gico, este d\u00fao ofrece un giro refrescante que mantiene tus d\u00edas navide\u00f1os ligeros, brillantes y saludables. <\/p>\n<p>[\/et_pb_text][et_pb_button button_url=&#8221;\/es\/?page_id=40589&#8243; button_text=&#8221;COMPRA APPLE CHEER&#8221; button_alignment=&#8221;left&#8221; _builder_version=&#8221;4.27.4&#8243; _module_preset=&#8221;default&#8221; custom_button=&#8221;on&#8221; button_text_color=&#8221;gcid-c1e65ad5-daf3-4cb0-9503-9cae69ffb2ad&#8221; button_border_width=&#8221;3px&#8221; button_border_color=&#8221;gcid-c1e65ad5-daf3-4cb0-9503-9cae69ffb2ad&#8221; hover_enabled=&#8221;0&#8243; locked=&#8221;off&#8221; global_colors_info=&#8221;{%22gcid-c1e65ad5-daf3-4cb0-9503-9cae69ffb2ad%22:%91%22button_text_color%22,%22button_text_color__hover%22,%22button_border_color%22,%22button_border_color__hover%22%93}&#8221; button_text_color__hover_enabled=&#8221;on|hover&#8221; button_text_color__hover=&#8221;#c42d31&#8243; button_border_color__hover_enabled=&#8221;on|hover&#8221; button_border_color__hover=&#8221;#c42d31&#8243; sticky_enabled=&#8221;0&#8243;][\/et_pb_button][\/et_pb_column][\/et_pb_row][\/et_pb_section][et_pb_section fb_built=&#8221;1&#8243; admin_label=&#8221;Popular Product Section&#8221; _builder_version=&#8221;4.27.4&#8243; custom_padding=&#8221;70px|0px|0px|0px||&#8221; locked=&#8221;off&#8221; collapsed=&#8221;off&#8221; global_colors_info=&#8221;{}&#8221;][et_pb_row column_structure=&#8221;1_2,1_2&#8243; _builder_version=&#8221;4.27.4&#8243; max_width=&#8221;1280px&#8221; custom_padding=&#8221;|||&#8221; use_custom_width=&#8221;on&#8221; custom_width_px=&#8221;1280px&#8221; collapsed=&#8221;off&#8221; global_colors_info=&#8221;{}&#8221;][et_pb_column type=&#8221;1_2&#8243; _builder_version=&#8221;4.16&#8243; custom_padding=&#8221;40px||40px|&#8221; global_colors_info=&#8221;{}&#8221; custom_padding__hover=&#8221;|||&#8221;][et_pb_text admin_label=&#8221;Subtitle&#8221; _builder_version=&#8221;4.27.4&#8243; text_font=&#8221;Brice|700||on|||||&#8221; text_text_color=&#8221;#c42d31&#8243; text_font_size=&#8221;50px&#8221; text_letter_spacing=&#8221;4px&#8221; animation_style=&#8221;zoom&#8221; animation_direction=&#8221;left&#8221; animation_intensity_zoom=&#8221;10%&#8221; global_colors_info=&#8221;{}&#8221;]<\/p>\n<p>03<\/p>\n<p>[\/et_pb_text][et_pb_divider color=&#8221;gcid-primary-color&#8221; divider_weight=&#8221;2px&#8221; disabled_on=&#8221;on|on|off&#8221; _builder_version=&#8221;4.27.4&#8243; max_width=&#8221;85px&#8221; custom_padding=&#8221;10px||||false|false&#8221; animation_style=&#8221;fade&#8221; locked=&#8221;off&#8221; global_colors_info=&#8221;{%22gcid-primary-color%22:%91%22color%22%93}&#8221;][\/et_pb_divider][et_pb_text admin_label=&#8221;Title&#8221; _builder_version=&#8221;4.27.4&#8243; text_font=&#8221;||||||||&#8221; header_font=&#8221;||||||||&#8221; header_2_font=&#8221;Brice|500||on|||||&#8221; header_2_font_size=&#8221;52px&#8221; header_2_letter_spacing=&#8221;4px&#8221; header_2_line_height=&#8221;1.1em&#8221; custom_margin=&#8221;||20px|&#8221; custom_padding=&#8221;|||&#8221; animation_style=&#8221;zoom&#8221; animation_direction=&#8221;left&#8221; animation_delay=&#8221;50ms&#8221; animation_intensity_zoom=&#8221;10%&#8221; header_2_font_size_tablet=&#8221;40px&#8221; header_2_font_size_phone=&#8221;&#8221; header_2_font_size_last_edited=&#8221;on|desktop&#8221; global_colors_info=&#8221;{}&#8221;]<\/p>\n<h2>\u00a1Burn gratis!<\/h2>\n<p>[\/et_pb_text][et_pb_text _builder_version=&#8221;4.27.4&#8243; text_font=&#8221;&#8211;et_global_body_font||||||||&#8221; text_text_color=&#8221;#000000&#8243; text_font_size=&#8221;20px&#8221; text_line_height=&#8221;1.8em&#8221; header_font=&#8221;||||||||&#8221; custom_margin=&#8221;|||&#8221; custom_padding=&#8221;|||&#8221; animation_style=&#8221;zoom&#8221; animation_direction=&#8221;left&#8221; animation_delay=&#8221;100ms&#8221; animation_intensity_zoom=&#8221;10%&#8221; global_colors_info=&#8221;{}&#8221;]<\/p>\n<p>Comienza diciembre con un Burn gratis al llevarte el Accelerate Trio. Adem\u00e1s, disfruta de la opci\u00f3n de elegir Sour Apple Rush Extreme para un sabor fresco y de temporada. <\/p>\n<p><em>El Accelerate Trio incluye: Gold (en scoops o c\u00e1psulas), Ignite y tu elecci\u00f3n de: Rush, Rush Extreme o Brew Extreme (todos en scoops).<\/em><\/p>\n<p>[\/et_pb_text][et_pb_button button_url=&#8221;https:\/\/bravenlyglobal.com\/es\/accelerate-trio\/&#8221; button_text=&#8221;COMPRA ACCELERATE TRIO&#8221; button_alignment=&#8221;left&#8221; _builder_version=&#8221;4.27.4&#8243; _module_preset=&#8221;default&#8221; custom_button=&#8221;on&#8221; button_text_color=&#8221;gcid-c1e65ad5-daf3-4cb0-9503-9cae69ffb2ad&#8221; button_border_width=&#8221;3px&#8221; button_border_color=&#8221;gcid-c1e65ad5-daf3-4cb0-9503-9cae69ffb2ad&#8221; locked=&#8221;off&#8221; global_colors_info=&#8221;{%22gcid-c1e65ad5-daf3-4cb0-9503-9cae69ffb2ad%22:%91%22button_text_color%22,%22button_text_color__hover%22,%22button_border_color%22,%22button_border_color__hover%22%93}&#8221; button_text_color__hover_enabled=&#8221;on|hover&#8221; button_text_color__hover=&#8221;#c42d31&#8243; button_border_color__hover_enabled=&#8221;on|hover&#8221; button_border_color__hover=&#8221;#c42d31&#8243;][\/et_pb_button][\/et_pb_column][et_pb_column type=&#8221;1_2&#8243; _builder_version=&#8221;4.27.4&#8243; _module_preset=&#8221;default&#8221; global_colors_info=&#8221;{}&#8221;][et_pb_image src=&#8221;https:\/\/d1jeyrxw15fk4e.cloudfront.net\/wp-content\/uploads\/2025\/11\/Burn-Drawing.png&#8221; alt=&#8221;Burn Drawing&#8221; title_text=&#8221;Burn Drawing&#8221; align=&#8221;center&#8221; align_tablet=&#8221;center&#8221; align_phone=&#8221;center&#8221; align_last_edited=&#8221;on|desktop&#8221; _builder_version=&#8221;4.27.4&#8243; width=&#8221;80%&#8221; custom_margin=&#8221;|||&#8221; animation_style=&#8221;slide&#8221; animation_direction=&#8221;right&#8221; animation_intensity_slide=&#8221;4%&#8221; animation=&#8221;off&#8221; locked=&#8221;off&#8221; global_colors_info=&#8221;{}&#8221;][\/et_pb_image][\/et_pb_column][\/et_pb_row][\/et_pb_section][et_pb_section fb_built=&#8221;1&#8243; _builder_version=&#8221;4.16&#8243; _module_preset=&#8221;default&#8221; min_height=&#8221;157.2px&#8221; custom_padding=&#8221;||0px|||&#8221; locked=&#8221;off&#8221; global_colors_info=&#8221;{}&#8221;][\/et_pb_section][et_pb_section fb_built=&#8221;1&#8243; _builder_version=&#8221;4.27.4&#8243; _module_preset=&#8221;default&#8221; locked=&#8221;off&#8221; global_colors_info=&#8221;{}&#8221;][et_pb_row _builder_version=&#8221;4.27.4&#8243; _module_preset=&#8221;default&#8221; custom_padding=&#8221;0px|||||&#8221; global_colors_info=&#8221;{}&#8221;][et_pb_column type=&#8221;4_4&#8243; _builder_version=&#8221;4.27.4&#8243; _module_preset=&#8221;default&#8221; global_colors_info=&#8221;{}&#8221;][et_pb_text admin_label=&#8221;Look Inside Sub Title&#8221; _builder_version=&#8221;4.27.4&#8243; text_font=&#8221;Lato||||||||&#8221; text_text_color=&#8221;#1a1a1a&#8221; text_font_size=&#8221;16px&#8221; text_line_height=&#8221;1.4em&#8221; header_font=&#8221;Brice||||||||&#8221; header_font_size=&#8221;40px&#8221; background_size=&#8221;initial&#8221; background_position=&#8221;top_left&#8221; background_repeat=&#8221;repeat&#8221; text_orientation=&#8221;right&#8221; max_width=&#8221;1879px&#8221; module_alignment=&#8221;right&#8221; min_height=&#8221;79.9px&#8221; custom_margin=&#8221;20px||3px|||&#8221; custom_padding=&#8221;0px||2px|||&#8221; animation_style=&#8221;slide&#8221; animation_direction=&#8221;top&#8221; animation_delay=&#8221;200ms&#8221; animation_intensity_slide=&#8221;10%&#8221; locked=&#8221;off&#8221; global_colors_info=&#8221;{}&#8221;]<\/p>\n<h1 style=\"text-align: center;\">Todas las ofertas exclusivas y los productos por tiempo limitado terminan el 19 de diciembre a las 11:59 p. m. ET.<\/h1>\n<h1 style=\"text-align: center;\">Hasta agotar existencias.<\/h1>\n<p>[\/et_pb_text][et_pb_countdown_timer title=&#8221;\u00a1APROVECHA AHORA ANTES DE QUE SE AGOTE!&#8221; date_time=&#8221;2025-12-20 00:00&#8243; _builder_version=&#8221;4.27.4&#8243; _module_preset=&#8221;default&#8221; hover_enabled=&#8221;0&#8243; global_colors_info=&#8221;{}&#8221; sticky_enabled=&#8221;0&#8243;][\/et_pb_countdown_timer][\/et_pb_column][\/et_pb_row][et_pb_row _builder_version=&#8221;4.27.4&#8243; _module_preset=&#8221;default&#8221; global_colors_info=&#8221;{}&#8221;][et_pb_column type=&#8221;4_4&#8243; _builder_version=&#8221;4.27.4&#8243; _module_preset=&#8221;default&#8221; global_colors_info=&#8221;{}&#8221;][et_pb_button button_url=&#8221;#back-to-top&#8221; button_text=&#8221;VOLVER ARRIBA&#8221; button_alignment=&#8221;center&#8221; _builder_version=&#8221;4.27.4&#8243; _module_preset=&#8221;default&#8221; custom_button=&#8221;on&#8221; button_text_color=&#8221;gcid-c1e65ad5-daf3-4cb0-9503-9cae69ffb2ad&#8221; button_border_width=&#8221;3px&#8221; button_border_color=&#8221;gcid-c1e65ad5-daf3-4cb0-9503-9cae69ffb2ad&#8221; locked=&#8221;off&#8221; global_colors_info=&#8221;{%22gcid-c1e65ad5-daf3-4cb0-9503-9cae69ffb2ad%22:%91%22button_text_color%22,%22button_text_color__hover%22,%22button_border_color%22,%22button_border_color__hover%22%93}&#8221; button_text_color__hover_enabled=&#8221;on|hover&#8221; button_text_color__hover=&#8221;#c42d31&#8243; button_border_color__hover_enabled=&#8221;on|hover&#8221; button_border_color__hover=&#8221;#c42d31&#8243;][\/et_pb_button][\/et_pb_column][\/et_pb_row][\/et_pb_section]<\/p>\n","protected":false},"excerpt":{"rendered":"<p>17 al 19 de Diciembre01\u00a1Sour Apple Rush Extreme est\u00e1 de vuelta!Sour Apple Rush Extreme ha regresado con su sabor intenso y refrescante. Disfruta del sabor crujiente que todos han estado esperando durante la \u00e9poca m\u00e1s maravillosa del a\u00f1o. 02Paquete Apple CheerDale un toque festivo a tu compra de Sour Apple Rush Extreme con el Apple [&hellip;]<\/p>\n","protected":false},"author":191432663,"featured_media":0,"parent":0,"menu_order":0,"comment_status":"closed","ping_status":"closed","template":"","meta":{"_et_pb_use_builder":"on","_et_pb_old_content":"","_et_gb_content_width":"","_coblocks_attr":"","_coblocks_dimensions":"","_coblocks_responsive_height":"","_coblocks_accordion_ie_support":"","footnotes":""},"class_list":["post-40585","page","type-page","status-publish","hentry"],"_links":{"self":[{"href":"https:\/\/yoururl.bravenlyglobal.com\/es\/wp-json\/wp\/v2\/pages\/40585","targetHints":{"allow":["GET"]}}],"collection":[{"href":"https:\/\/yoururl.bravenlyglobal.com\/es\/wp-json\/wp\/v2\/pages"}],"about":[{"href":"https:\/\/yoururl.bravenlyglobal.com\/es\/wp-json\/wp\/v2\/types\/page"}],"author":[{"embeddable":true,"href":"https:\/\/yoururl.bravenlyglobal.com\/es\/wp-json\/wp\/v2\/users\/191432663"}],"replies":[{"embeddable":true,"href":"https:\/\/yoururl.bravenlyglobal.com\/es\/wp-json\/wp\/v2\/comments?post=40585"}],"version-history":[{"count":4,"href":"https:\/\/yoururl.bravenlyglobal.com\/es\/wp-json\/wp\/v2\/pages\/40585\/revisions"}],"predecessor-version":[{"id":40656,"href":"https:\/\/yoururl.bravenlyglobal.com\/es\/wp-json\/wp\/v2\/pages\/40585\/revisions\/40656"}],"wp:attachment":[{"href":"https:\/\/yoururl.bravenlyglobal.com\/es\/wp-json\/wp\/v2\/media?parent=40585"}],"curies":[{"name":"wp","href":"https:\/\/api.w.org\/{rel}","templated":true}]}}